{"id":625,"date":"2025-04-13T21:43:52","date_gmt":"2025-04-13T14:43:52","guid":{"rendered":"https:\/\/vietsolar.com.vn\/site\/?post_type=product&#038;p=625"},"modified":"2025-04-14T07:27:54","modified_gmt":"2025-04-14T00:27:54","slug":"bom-nhiet-cong-suat-nhiet-5-3kw-ond-ahp-5-0","status":"publish","type":"product","link":"https:\/\/vietsolar.com.vn\/site\/bom-nhiet-cong-suat-nhiet-5-3kw-ond-ahp-5-0\/","title":{"rendered":"B\u01a1m nhi\u1ec7t c\u00f4ng su\u1ea5t nhi\u1ec7t 5.3KW OND-AHP-5.0"},"content":{"rendered":"<p>B\u01a1m nhi\u1ec7t c\u00f4ng su\u1ea5t nhi\u1ec7t 5.3KW OND-AHP-5.0 c\u00f3 \u0111\u1eb7c \u0111i\u1ec3m sau:<\/p>\n<ul>\n<li>C\u00f4ng su\u1ea5t nhi\u1ec7t: 5.3KW<\/li>\n<li>\u0110i\u1ec7n n\u0103ng ti\u00eau th\u1ee5: 1.28KW<\/li>\n<li>C\u00f4ng su\u1ea5t l\u00e0m n\u00f3ng trung b\u00ecnh: 137 L\/h<\/li>\n<li>Ngu\u1ed3n \u0111i\u1ec7n: 220V \/ 50Hz<\/li>\n<li>Nhi\u1ec7t \u0111\u1ed9 t\u1ed1i \u0111a: 60 \u0111\u1ed9 C<\/li>\n<li>\u00c1p l\u1ef1c n\u01b0\u1edbc t\u1ed1i \u0111a: 6 bar<\/li>\n<li>\u0110\u1ea7u n\u01b0\u1edbc ra \/ v\u00e0o: phi 27mm<\/li>\n<li>\u0110\u00e3 t\u00edch h\u1ee3p b\u01a1m \u0111\u1ed1i l\u01b0u<\/li>\n<li>Gas: R417<\/li>\n<li>K\u00edch th\u01b0\u1edbc (DxRxC): 620x515x565 (mm)<\/li>\n<li>B\u1ea3o h\u00e0nh: 2 n\u0103m<\/li>\n<li>S\u1ea3n xu\u1ea5t t\u1ea1i Vi\u1ec7t Nam<\/li>\n<\/ul>\n<p>L\u01b0u \u00fd:<\/p>\n<ul>\n<li>L\u1eafp \u0111\u1eb7t ph\u1ea3i k\u1ebft h\u1ee3p v\u1edbi b\u1ed3n b\u1ea3o \u00f4n (CH\u01afA BAO G\u1ed2M)<\/li>\n<li>Th\u00f4ng s\u1ed1 c\u00f3 th\u1ec3 thay \u0111\u1ed5i do nh\u00e0 s\u1ea3n xu\u1ea5t m\u00e0 kh\u00f4ng th\u00f4ng b\u00e1o tr\u01b0\u1edbc<\/li>\n<\/ul>\n","protected":false},"excerpt":{"rendered":"<p>B\u01a1m nhi\u1ec7t c\u00f4ng su\u1ea5t nhi\u1ec7t 5.3KW OND-AHP-5.0 l\u00e0 thi\u1ebft b\u1ecb l\u00e0m n\u00f3ng b\u1eb1ng \u0111i\u1ec7n &#8211; si\u00eau ti\u1ebft ki\u1ec7m &#8211; ph\u00f9 h\u1ee3p cho h\u1ed9 gia \u0111\u00ecnh ho\u1eb7c nh\u00e0 ngh\u1ec9 15 ph\u00f2ng<\/p>\n","protected":false},"featured_media":622,"template":"","meta":[],"product_brand":[],"product_cat":[132],"product_tag":[180],"class_list":{"0":"post-625","1":"product","2":"type-product","3":"status-publish","4":"has-post-thumbnail","6":"product_cat-bom-nhiet","7":"product_tag-bom-nhiet","9":"first","10":"instock","11":"shipping-taxable","12":"purchasable","13":"product-type-simple"},"_links":{"self":[{"href":"https:\/\/vietsolar.com.vn\/site\/wp-json\/wp\/v2\/product\/625","targetHints":{"allow":["GET"]}}],"collection":[{"href":"https:\/\/vietsolar.com.vn\/site\/wp-json\/wp\/v2\/product"}],"about":[{"href":"https:\/\/vietsolar.com.vn\/site\/wp-json\/wp\/v2\/types\/product"}],"wp:featuredmedia":[{"embeddable":true,"href":"https:\/\/vietsolar.com.vn\/site\/wp-json\/wp\/v2\/media\/622"}],"wp:attachment":[{"href":"https:\/\/vietsolar.com.vn\/site\/wp-json\/wp\/v2\/media?parent=625"}],"wp:term":[{"taxonomy":"product_brand","embeddable":true,"href":"https:\/\/vietsolar.com.vn\/site\/wp-json\/wp\/v2\/product_brand?post=625"},{"taxonomy":"product_cat","embeddable":true,"href":"https:\/\/vietsolar.com.vn\/site\/wp-json\/wp\/v2\/product_cat?post=625"},{"taxonomy":"product_tag","embeddable":true,"href":"https:\/\/vietsolar.com.vn\/site\/wp-json\/wp\/v2\/product_tag?post=625"}],"curies":[{"name":"wp","href":"https:\/\/api.w.org\/{rel}","templated":true}]}}