{"id":602,"date":"2024-12-26T21:01:50","date_gmt":"2024-12-26T14:01:50","guid":{"rendered":"https:\/\/vietsolar.com.vn\/site\/?post_type=product&#038;p=602"},"modified":"2025-01-01T15:50:58","modified_gmt":"2025-01-01T08:50:58","slug":"he-thong-nuoc-nong-nang-luong-mat-troi-cho-khach-san-nha-nghi-15-phong","status":"publish","type":"product","link":"https:\/\/vietsolar.com.vn\/site\/he-thong-nuoc-nong-nang-luong-mat-troi-cho-khach-san-nha-nghi-15-phong\/","title":{"rendered":"H\u1ec7 th\u1ed1ng n\u01b0\u1edbc n\u00f3ng n\u0103ng l\u01b0\u1ee3ng m\u1eb7t tr\u1eddi cho kh\u00e1ch s\u1ea1n nh\u00e0 ngh\u1ec9 15 ph\u00f2ng"},"content":{"rendered":"<p>H\u1ec7 th\u1ed1ng n\u01b0\u1edbc n\u00f3ng n\u0103ng l\u01b0\u1ee3ng m\u1eb7t tr\u1eddi cho kh\u00e1ch s\u1ea1n nh\u00e0 ngh\u1ec9 15 ph\u00f2ng c\u00f3 h\u1ed7 tr\u1ee3 \u0111i\u1ec7n d\u1ef1 ph\u00f2ng nh\u1eefng ng\u00e0y m\u01b0a b\u00e3o ho\u1eb7c khi tr\u1eddi kh\u00f4ng \u0111\u1ee7 n\u1eafng<\/p>\n<p>H\u1ec7 th\u1ed1ng n\u01b0\u1edbc n\u00f3ng n\u0103ng l\u01b0\u1ee3ng m\u1eb7t tr\u1eddi cho kh\u00e1ch s\u1ea1n nh\u00e0 ngh\u1ec9 15 ph\u00f2ng bao g\u1ed3m:<\/p>\n<table>\n<tbody>\n<tr>\n<td>\n<ul>\n<li>B\u1ed3n b\u1ea3o \u00f4n<\/li>\n<\/ul>\n<\/td>\n<td>1000 l\u00edt<\/td>\n<td>b\u1ea3o h\u00e0nh 5 n\u0103m<\/td>\n<\/tr>\n<tr>\n<td>\n<ul>\n<li>T\u1ea5m thu n\u0103ng l\u01b0\u1ee3ng m\u1eb7t tr\u1eddi<\/li>\n<\/ul>\n<\/td>\n<td>80 \u1ed1ng<\/td>\n<td>b\u1ea3o h\u00e0nh 5 n\u0103m<\/td>\n<\/tr>\n<tr>\n<td>\n<ul>\n<li>Ph\u1ee5 ki\u1ec7n PPR k\u1ebft n\u1ed1i<\/li>\n<\/ul>\n<\/td>\n<td>1 b\u1ed9<\/td>\n<td>b\u1ea3o h\u00e0nh 2 n\u0103m<\/td>\n<\/tr>\n<tr>\n<td>\n<ul>\n<li>\u0110i\u1ec7n tr\u1edf + t\u1ee7 \u0111i\u1ec1u khi\u1ec3n \u0111i\u1ec7n tr\u1edf<\/li>\n<\/ul>\n<\/td>\n<td>5KW<\/td>\n<td>b\u1ea3o h\u00e0nh 1 n\u0103m<\/td>\n<\/tr>\n<\/tbody>\n<\/table>\n<p>Gi\u00e1 tr\u00ean ch\u01b0a bao g\u1ed3m: v\u1eadn chuy\u1ec3n &amp; l\u1eafp \u0111\u1eb7t.<\/p>\n<p>Vui l\u00f2ng li\u00ean h\u1ec7 0938006603 \u0111\u1ec3 b\u00e1o gi\u00e1 th\u00eam.<\/p>\n","protected":false},"excerpt":{"rendered":"<p>H\u1ec7 th\u1ed1ng n\u01b0\u1edbc n\u00f3ng n\u0103ng l\u01b0\u1ee3ng m\u1eb7t tr\u1eddi cho kh\u00e1ch s\u1ea1n nh\u00e0 ngh\u1ec9 15 ph\u00f2ng c\u00f3 h\u1ed7 tr\u1ee3 \u0111i\u1ec7n d\u1ef1 ph\u00f2ng nh\u1eefng ng\u00e0y m\u01b0a b\u00e3o ho\u1eb7c khi tr\u1eddi kh\u00f4ng \u0111\u1ee7 n\u1eafng<\/p>\n","protected":false},"featured_media":0,"template":"","meta":[],"product_brand":[],"product_cat":[127],"product_tag":[],"class_list":{"0":"post-602","1":"product","2":"type-product","3":"status-publish","5":"product_cat-he-thong-nuoc-nong-nang-luong-mat-troi","7":"first","8":"instock","9":"sale","10":"shipping-taxable","11":"purchasable","12":"product-type-simple"},"_links":{"self":[{"href":"https:\/\/vietsolar.com.vn\/site\/wp-json\/wp\/v2\/product\/602","targetHints":{"allow":["GET"]}}],"collection":[{"href":"https:\/\/vietsolar.com.vn\/site\/wp-json\/wp\/v2\/product"}],"about":[{"href":"https:\/\/vietsolar.com.vn\/site\/wp-json\/wp\/v2\/types\/product"}],"wp:attachment":[{"href":"https:\/\/vietsolar.com.vn\/site\/wp-json\/wp\/v2\/media?parent=602"}],"wp:term":[{"taxonomy":"product_brand","embeddable":true,"href":"https:\/\/vietsolar.com.vn\/site\/wp-json\/wp\/v2\/product_brand?post=602"},{"taxonomy":"product_cat","embeddable":true,"href":"https:\/\/vietsolar.com.vn\/site\/wp-json\/wp\/v2\/product_cat?post=602"},{"taxonomy":"product_tag","embeddable":true,"href":"https:\/\/vietsolar.com.vn\/site\/wp-json\/wp\/v2\/product_tag?post=602"}],"curies":[{"name":"wp","href":"https:\/\/api.w.org\/{rel}","templated":true}]}}