{"id":570,"date":"2024-10-30T20:11:15","date_gmt":"2024-10-30T13:11:15","guid":{"rendered":"https:\/\/vietsolar.com.vn\/site\/?post_type=product&#038;p=570"},"modified":"2025-01-01T15:52:08","modified_gmt":"2025-01-01T08:52:08","slug":"tu-dieu-khien-dien-tro-2kw-220v","status":"publish","type":"product","link":"https:\/\/vietsolar.com.vn\/site\/tu-dieu-khien-dien-tro-2kw-220v\/","title":{"rendered":"T\u1ee7 \u0111i\u1ec1u khi\u1ec3n \u0111i\u1ec7n tr\u1edf 2kw 220v"},"content":{"rendered":"<p>T\u1ee7 \u0111i\u1ec1u khi\u1ec3n \u0111i\u1ec7n tr\u1edf 2kw 220v d\u00f9ng cho m\u00e1y n\u01b0\u1edbc n\u00f3ng n\u0103ng l\u01b0\u1ee3ng m\u1eb7t tr\u1eddi d\u00e2n d\u1ee5ng, v\u1edbi c\u00e1c t\u00ednh n\u0103ng nh\u01b0 sau:<\/p>\n<ul>\n<li>Ngu\u1ed3n \u0111i\u1ec7n 220V 2KW<\/li>\n<li>\u0110i\u1ec1u khi\u1ec3n \u0111i\u1ec7n tr\u1edf t\u1ef1 \u0111\u1ed9ng theo nhi\u1ec7t \u0111\u1ed9 (c\u00f3 th\u1ec3 \u0111\u1eb7t theo y\u00eau c\u1ea7u)<br \/>\nNhi\u1ec7t \u0111\u1ed9 ch\u1ea1y: d\u01b0\u1edbi 47 \u0111\u1ed9 (m\u1eb7c \u0111\u1ecbnh)<br \/>\nNhi\u1ec7t \u0111\u1ed9 ng\u1eaft: tr\u00ean 52 \u0111\u1ed9 (m\u1eb7c \u0111\u1ecbnh)<\/li>\n<li>\u0110\u00e8n hi\u1ec3n th\u1ecb tr\u1ea1ng th\u00e1i<\/li>\n<li>M\u00e0n h\u00ecnh ki\u1ec3m tra \u0111i\u1ec7n tr\u1edf ho\u1ea1t \u0111\u1ed9ng<\/li>\n<li>B\u1ea3o v\u1ec7 qu\u00e1 t\u1ea3i, b\u1ea3o v\u1ec7 r\u00f2 r\u1ec9 \u0111i\u1ec7n<\/li>\n<li>H\u1ed9p nh\u1ef1a trong nh\u00e0 ho\u1eb7c\u00a0ngo\u00e0i tr\u1eddi<\/li>\n<li>B\u1ea3o v\u1ec7 nhi\u1ec7t \u0111\u1ed9 qu\u00e1 cao, qu\u00e1 th\u1ea5p (c\u00f3 th\u1ec3 \u0111\u1eb7t theo y\u00eau c\u1ea7u)<\/li>\n<li>Ch\u1ebf \u0111\u1ed9 tr\u00ec ho\u00e3n (delay) kh\u00f4ng nh\u1ea5p nh\u00f4 khi thay \u0111\u1ed5i nhi\u1ec7t \u0111\u1ed9 qu\u00e1 nhanh (c\u00f3 th\u1ec3 \u0111\u1eb7t theo y\u00eau c\u1ea7u)<\/li>\n<li>Ch\u1ebf \u0111\u1ed9 ho\u1ea1t \u0111\u1ed9ng theo t\u1eebng kho\u1ea3ng th\u1eddi gian trong ng\u00e0y\u00a0(c\u00f3 th\u1ec3 \u0111\u1eb7t theo y\u00eau c\u1ea7u)<\/li>\n<li>Gi\u00e1m s\u00e1t ho\u1ea1t \u0111\u1ed9ng qua app tr\u00ean \u0111i\u1ec7n tho\u1ea1i (c\u00f3 th\u1ec3 \u0111\u1eb7t theo y\u00eau c\u1ea7u)<\/li>\n<\/ul>\n<h3>T\u1ee6 \u0110I\u1ec0U KHI\u1ec2N \u0110I\u1ec6N TR\u1ede 220V 2KW G\u1ed2M C\u00d3:<\/h3>\n<ul>\n<li>T\u1ee7 ch\u00ednh<\/li>\n<li>\u0110\u1ea7u d\u00f2 nhi\u1ec7t \u0111\u1ed9<\/li>\n<li>V\u1ecf \u0111\u1ea7u d\u00f2 nhi\u1ec7t \u0111\u1ed9 &#8211; b\u1ea3o v\u1ec7 \u0111\u1ea7u d\u00f2 nhi\u1ec7t \u0111\u1ed9 kh\u00f4ng ti\u1ebfp x\u00fac tr\u1ef1c ti\u1ebfp v\u1edbi n\u01b0\u1edbc<\/li>\n<\/ul>\n","protected":false},"excerpt":{"rendered":"<p>T\u1ee7 \u0111i\u1ec1u khi\u1ec3n \u0111i\u1ec7n tr\u1edf 2kw 220v d\u00f9ng cho m\u00e1y n\u01b0\u1edbc n\u00f3ng n\u0103ng l\u01b0\u1ee3ng m\u1eb7t tr\u1eddi d\u00e2n d\u1ee5ng d\u00f9ng \u0111\u1ec3 c\u00e0i \u0111\u1eb7t nhi\u1ec7t \u0111\u1ed9 ng\u1eaft cho \u0111i\u1ec7n tr\u1edf, t\u1ef1 ng\u1eaft\u00a0b\u1ea3o v\u1ec7 khi \u0111i\u1ec7n tr\u1edf b\u1ecb ch\u1ea1m, h\u01b0 h\u1ecfng<\/p>\n","protected":false},"featured_media":573,"template":"","meta":[],"product_brand":[],"product_cat":[130],"product_tag":[],"class_list":{"0":"post-570","1":"product","2":"type-product","3":"status-publish","4":"has-post-thumbnail","6":"product_cat-phu-kien","8":"first","9":"instock","10":"sale","11":"shipping-taxable","12":"purchasable","13":"product-type-simple"},"_links":{"self":[{"href":"https:\/\/vietsolar.com.vn\/site\/wp-json\/wp\/v2\/product\/570","targetHints":{"allow":["GET"]}}],"collection":[{"href":"https:\/\/vietsolar.com.vn\/site\/wp-json\/wp\/v2\/product"}],"about":[{"href":"https:\/\/vietsolar.com.vn\/site\/wp-json\/wp\/v2\/types\/product"}],"wp:featuredmedia":[{"embeddable":true,"href":"https:\/\/vietsolar.com.vn\/site\/wp-json\/wp\/v2\/media\/573"}],"wp:attachment":[{"href":"https:\/\/vietsolar.com.vn\/site\/wp-json\/wp\/v2\/media?parent=570"}],"wp:term":[{"taxonomy":"product_brand","embeddable":true,"href":"https:\/\/vietsolar.com.vn\/site\/wp-json\/wp\/v2\/product_brand?post=570"},{"taxonomy":"product_cat","embeddable":true,"href":"https:\/\/vietsolar.com.vn\/site\/wp-json\/wp\/v2\/product_cat?post=570"},{"taxonomy":"product_tag","embeddable":true,"href":"https:\/\/vietsolar.com.vn\/site\/wp-json\/wp\/v2\/product_tag?post=570"}],"curies":[{"name":"wp","href":"https:\/\/api.w.org\/{rel}","templated":true}]}}