{"id":546,"date":"2024-09-05T09:20:52","date_gmt":"2024-09-05T02:20:52","guid":{"rendered":"https:\/\/vietsolar.com.vn\/site\/?post_type=product&#038;p=546"},"modified":"2024-09-05T16:00:56","modified_gmt":"2024-09-05T09:00:56","slug":"may-nuoc-nong-hanasun-inox-240-lit","status":"publish","type":"product","link":"https:\/\/vietsolar.com.vn\/site\/may-nuoc-nong-hanasun-inox-240-lit\/","title":{"rendered":"M\u00e1y n\u01b0\u1edbc n\u00f3ng HANASUN inox 240 l\u00edt"},"content":{"rendered":"<p>Th\u00f4ng s\u1ed1 k\u1ef9 thu\u1eadt M\u00e1y n\u01b0\u1edbc n\u00f3ng HANASUN inox 240 l\u00edt:<\/p>\n<ul>\n<li>Dung t\u00edch: 240 l\u00edt<\/li>\n<li>\u1ed0ng th\u1ee7y tinh l\u00f5i \u0111\u1ecf: 24 \u1ed1ng<\/li>\n<li>L\u00f5i b\u1ed3n: inox 304<\/li>\n<li>V\u1ecf b\u1ed3n: inox 430<\/li>\n<li>Ch\u00e2n: inox 430<\/li>\n<li>Ty n\u01b0\u1edbc ra\/v\u00e0o inox 304, h\u00e0n d\u00ednh v\u00e0o l\u00f5i b\u1ed3n<\/li>\n<li>L\u1ed7 l\u1eafp \u0111i\u1ec7n tr\u1edf d\u1ef1 ph\u00f2ng (kh\u00f4ng bao g\u1ed3m \u0111i\u1ec7n tr\u1edf)<\/li>\n<li>S\u1ea3n xu\u1ea5t t\u1ea1i Vi\u1ec7t Nam \u2013 nh\u00e0 m\u00e1y theo ti\u00eau chu\u1ea9n ISO9001:2015, TCVN8251:2021, CE, Solarkeymark<\/li>\n<li>B\u1ea3o h\u00e0nh l\u1ed7i s\u1ea3n xu\u1ea5t: 5 n\u0103m<\/li>\n<\/ul>\n<p><strong>L\u01afU \u00dd:<\/strong><\/p>\n<ul>\n<li>Gi\u00e1 m\u00e1y ch\u01b0a bao g\u1ed3m v\u1eadn chuy\u1ec3n &amp; l\u1eafp \u0111\u1eb7t. Vui l\u00f2ng li\u00ean h\u1ec7 \u0111\u1ec3 b\u00e1o gi\u00e1 l\u1eafp \u0111\u1eb7t t\u1ea1i c\u00f4ng tr\u00ecnh<\/li>\n<\/ul>\n","protected":false},"excerpt":{"rendered":"<p>M\u00e1y n\u01b0\u1edbc n\u00f3ng HANASUN inox 240 l\u00edt l\u00e0 m\u00e1y n\u01b0\u1edbc n\u00f3ng n\u0103ng l\u01b0\u1ee3ng m\u1eb7t tr\u1eddi d\u00f9ng cho h\u1ed9 gia \u0111\u00ecnh t\u1eeb 6-7 ng\u01b0\u1eddi. Tr\u1ecdn b\u1ed9 b\u1eb1ng inox s\u00e1ng b\u00f3ng. C\u00f3 th\u1ec3 g\u1eafn th\u00eam \u0111i\u1ec7n tr\u1edf (d\u00f9ng \u0111i\u1ec7n) \u0111\u1ec3 d\u00f9ng khi tr\u1eddi m\u01b0a b\u00e3o nhi\u1ec1u ng\u00e0y kh\u00f4ng c\u00f3 n\u1eafng l\u00e0m n\u00f3ng n\u01b0\u1edbc<\/p>\n","protected":false},"featured_media":498,"template":"","meta":[],"product_brand":[],"product_cat":[125],"product_tag":[143,146,142],"class_list":{"0":"post-546","1":"product","2":"type-product","3":"status-publish","4":"has-post-thumbnail","6":"product_cat-may-nuoc-nong-nang-luong-mat-troi-ong-chan-khong","7":"product_tag-hanasun","8":"product_tag-may-nuoc-nong-nang-luong-mat-troi","9":"product_tag-may-nuoc-nong-nang-luong-mat-troi-chan-khong","11":"first","12":"instock","13":"sale","14":"shipping-taxable","15":"purchasable","16":"product-type-simple"},"_links":{"self":[{"href":"https:\/\/vietsolar.com.vn\/site\/wp-json\/wp\/v2\/product\/546","targetHints":{"allow":["GET"]}}],"collection":[{"href":"https:\/\/vietsolar.com.vn\/site\/wp-json\/wp\/v2\/product"}],"about":[{"href":"https:\/\/vietsolar.com.vn\/site\/wp-json\/wp\/v2\/types\/product"}],"wp:featuredmedia":[{"embeddable":true,"href":"https:\/\/vietsolar.com.vn\/site\/wp-json\/wp\/v2\/media\/498"}],"wp:attachment":[{"href":"https:\/\/vietsolar.com.vn\/site\/wp-json\/wp\/v2\/media?parent=546"}],"wp:term":[{"taxonomy":"product_brand","embeddable":true,"href":"https:\/\/vietsolar.com.vn\/site\/wp-json\/wp\/v2\/product_brand?post=546"},{"taxonomy":"product_cat","embeddable":true,"href":"https:\/\/vietsolar.com.vn\/site\/wp-json\/wp\/v2\/product_cat?post=546"},{"taxonomy":"product_tag","embeddable":true,"href":"https:\/\/vietsolar.com.vn\/site\/wp-json\/wp\/v2\/product_tag?post=546"}],"curies":[{"name":"wp","href":"https:\/\/api.w.org\/{rel}","templated":true}]}}