{"id":521,"date":"2024-05-21T10:04:54","date_gmt":"2024-05-21T03:04:54","guid":{"rendered":"https:\/\/vietsolar.com.vn\/site\/?post_type=product&#038;p=521"},"modified":"2024-09-05T16:10:03","modified_gmt":"2024-09-05T09:10:03","slug":"bo-3-may-nuoc-nong-120-150-180-lit-vo-inox","status":"publish","type":"product","link":"https:\/\/vietsolar.com.vn\/site\/bo-3-may-nuoc-nong-120-150-180-lit-vo-inox\/","title":{"rendered":"B\u1ed9 3 m\u00e1y n\u01b0\u1edbc n\u00f3ng 120, 150, 180 l\u00edt v\u1ecf inox"},"content":{"rendered":"<p>\u0110\u01b0\u1ee3c s\u1ea3n xu\u1ea5t t\u1ea1i nh\u00e0 m\u00e1y \u0111\u1ea1t ti\u00eau chu\u1ea9n ISO9001:2015.<\/p>\n<p><strong>L\u01afU \u00dd:<\/strong><\/p>\n<ul>\n<li>Gi\u00e1 m\u00e1y ch\u01b0a bao g\u1ed3m v\u1eadn chuy\u1ec3n &amp; l\u1eafp \u0111\u1eb7t. Vui l\u00f2ng li\u00ean h\u1ec7 \u0111\u1ec3 b\u00e1o gi\u00e1 l\u1eafp \u0111\u1eb7t t\u1ea1i c\u00f4ng tr\u00ecnh.<\/li>\n<\/ul>\n","protected":false},"excerpt":{"rendered":"<p>B\u1ed9 3 m\u00e1y n\u01b0\u1edbc n\u00f3ng 120, 150, 180 l\u00edt v\u1ecf inox l\u00e0 c\u00e1c model th\u00f4ng d\u1ee5ng nh\u1ea5t tr\u00ean th\u1ecb tr\u01b0\u1eddng, ph\u00f9 h\u1ee3p cho c\u00e1c h\u1ed9 gia \u0111\u00ecnh<\/p>\n","protected":false},"featured_media":522,"template":"","meta":[],"product_brand":[],"product_cat":[125],"product_tag":[146,142],"class_list":{"0":"post-521","1":"product","2":"type-product","3":"status-publish","4":"has-post-thumbnail","6":"product_cat-may-nuoc-nong-nang-luong-mat-troi-ong-chan-khong","7":"product_tag-may-nuoc-nong-nang-luong-mat-troi","8":"product_tag-may-nuoc-nong-nang-luong-mat-troi-chan-khong","10":"first","11":"instock","12":"sale","13":"shipping-taxable","14":"purchasable","15":"product-type-simple"},"_links":{"self":[{"href":"https:\/\/vietsolar.com.vn\/site\/wp-json\/wp\/v2\/product\/521","targetHints":{"allow":["GET"]}}],"collection":[{"href":"https:\/\/vietsolar.com.vn\/site\/wp-json\/wp\/v2\/product"}],"about":[{"href":"https:\/\/vietsolar.com.vn\/site\/wp-json\/wp\/v2\/types\/product"}],"wp:featuredmedia":[{"embeddable":true,"href":"https:\/\/vietsolar.com.vn\/site\/wp-json\/wp\/v2\/media\/522"}],"wp:attachment":[{"href":"https:\/\/vietsolar.com.vn\/site\/wp-json\/wp\/v2\/media?parent=521"}],"wp:term":[{"taxonomy":"product_brand","embeddable":true,"href":"https:\/\/vietsolar.com.vn\/site\/wp-json\/wp\/v2\/product_brand?post=521"},{"taxonomy":"product_cat","embeddable":true,"href":"https:\/\/vietsolar.com.vn\/site\/wp-json\/wp\/v2\/product_cat?post=521"},{"taxonomy":"product_tag","embeddable":true,"href":"https:\/\/vietsolar.com.vn\/site\/wp-json\/wp\/v2\/product_tag?post=521"}],"curies":[{"name":"wp","href":"https:\/\/api.w.org\/{rel}","templated":true}]}}