{"id":517,"date":"2024-05-14T19:23:14","date_gmt":"2024-05-14T12:23:14","guid":{"rendered":"https:\/\/vietsolar.com.vn\/site\/?post_type=product&#038;p=517"},"modified":"2025-01-01T15:48:36","modified_gmt":"2025-01-01T08:48:36","slug":"den-nang-luong-jindian-jd-8300l-300w","status":"publish","type":"product","link":"https:\/\/vietsolar.com.vn\/site\/den-nang-luong-jindian-jd-8300l-300w\/","title":{"rendered":"\u0110\u00e8n n\u0103ng l\u01b0\u1ee3ng Jindian JD-8300L 300W"},"content":{"rendered":"","protected":false},"excerpt":{"rendered":"<p>\u0110\u00e8n n\u0103ng l\u01b0\u1ee3ng Jindian JD-8300L d\u00f9ng 100% n\u0103ng l\u01b0\u1ee3ng m\u1eb7t tr\u1eddi, chi\u1ebfu s\u00e1ng 10-15h, t\u1ef1 \u0111\u1ed9ng t\u1eaft m\u1edf<\/p>\n","protected":false},"featured_media":494,"template":"","meta":[],"product_brand":[],"product_cat":[130],"product_tag":[145],"class_list":{"0":"post-517","1":"product","2":"type-product","3":"status-publish","4":"has-post-thumbnail","6":"product_cat-phu-kien","7":"product_tag-den-nang-luong","9":"first","10":"outofstock","11":"shipping-taxable","12":"product-type-simple"},"_links":{"self":[{"href":"https:\/\/vietsolar.com.vn\/site\/wp-json\/wp\/v2\/product\/517","targetHints":{"allow":["GET"]}}],"collection":[{"href":"https:\/\/vietsolar.com.vn\/site\/wp-json\/wp\/v2\/product"}],"about":[{"href":"https:\/\/vietsolar.com.vn\/site\/wp-json\/wp\/v2\/types\/product"}],"wp:featuredmedia":[{"embeddable":true,"href":"https:\/\/vietsolar.com.vn\/site\/wp-json\/wp\/v2\/media\/494"}],"wp:attachment":[{"href":"https:\/\/vietsolar.com.vn\/site\/wp-json\/wp\/v2\/media?parent=517"}],"wp:term":[{"taxonomy":"product_brand","embeddable":true,"href":"https:\/\/vietsolar.com.vn\/site\/wp-json\/wp\/v2\/product_brand?post=517"},{"taxonomy":"product_cat","embeddable":true,"href":"https:\/\/vietsolar.com.vn\/site\/wp-json\/wp\/v2\/product_cat?post=517"},{"taxonomy":"product_tag","embeddable":true,"href":"https:\/\/vietsolar.com.vn\/site\/wp-json\/wp\/v2\/product_tag?post=517"}],"curies":[{"name":"wp","href":"https:\/\/api.w.org\/{rel}","templated":true}]}}