{"id":465,"date":"2024-05-02T13:09:59","date_gmt":"2024-05-02T06:09:59","guid":{"rendered":"https:\/\/vietsolar.com.vn\/site\/?post_type=product&#038;p=465"},"modified":"2024-05-28T07:27:24","modified_gmt":"2024-05-28T00:27:24","slug":"ron-silicon-phi-27-10-cai","status":"publish","type":"product","link":"https:\/\/vietsolar.com.vn\/site\/ron-silicon-phi-27-10-cai\/","title":{"rendered":"Ron silicon phi 27 (10 c\u00e1i)"},"content":{"rendered":"","protected":false},"excerpt":{"rendered":"<p>Ron silicon phi 27 d\u00f9ng cho m\u00e1y n\u01b0\u1edbc n\u00f3ng n\u0103ng l\u01b0\u1ee3ng m\u1eb7t tr\u1eddi lo\u1ea1i \u1ed1ng ch\u00e2n kh\u00f4ng thu nhi\u1ec7t. C\u00f3 th\u1ec3 thay th\u1ebf cho c\u00e1c h\u00e3ng MEGASUN, \u0110ai Th\u00e0nh, Th\u00e1i D\u01b0\u01a1ng N\u0103ng,&#8230;<\/p>\n","protected":false},"featured_media":435,"template":"","meta":[],"product_brand":[],"product_cat":[130],"product_tag":[140],"class_list":{"0":"post-465","1":"product","2":"type-product","3":"status-publish","4":"has-post-thumbnail","6":"product_cat-phu-kien","7":"product_tag-ron-silicon","9":"first","10":"instock","11":"sale","12":"shipping-taxable","13":"purchasable","14":"product-type-simple"},"_links":{"self":[{"href":"https:\/\/vietsolar.com.vn\/site\/wp-json\/wp\/v2\/product\/465","targetHints":{"allow":["GET"]}}],"collection":[{"href":"https:\/\/vietsolar.com.vn\/site\/wp-json\/wp\/v2\/product"}],"about":[{"href":"https:\/\/vietsolar.com.vn\/site\/wp-json\/wp\/v2\/types\/product"}],"wp:featuredmedia":[{"embeddable":true,"href":"https:\/\/vietsolar.com.vn\/site\/wp-json\/wp\/v2\/media\/435"}],"wp:attachment":[{"href":"https:\/\/vietsolar.com.vn\/site\/wp-json\/wp\/v2\/media?parent=465"}],"wp:term":[{"taxonomy":"product_brand","embeddable":true,"href":"https:\/\/vietsolar.com.vn\/site\/wp-json\/wp\/v2\/product_brand?post=465"},{"taxonomy":"product_cat","embeddable":true,"href":"https:\/\/vietsolar.com.vn\/site\/wp-json\/wp\/v2\/product_cat?post=465"},{"taxonomy":"product_tag","embeddable":true,"href":"https:\/\/vietsolar.com.vn\/site\/wp-json\/wp\/v2\/product_tag?post=465"}],"curies":[{"name":"wp","href":"https:\/\/api.w.org\/{rel}","templated":true}]}}