{"id":445,"date":"2024-05-01T17:13:42","date_gmt":"2024-05-01T10:13:42","guid":{"rendered":"https:\/\/vietsolar.com.vn\/site\/?post_type=product&#038;p=445"},"modified":"2025-01-01T15:55:29","modified_gmt":"2025-01-01T08:55:29","slug":"van-an-toan-10bar","status":"publish","type":"product","link":"https:\/\/vietsolar.com.vn\/site\/van-an-toan-10bar\/","title":{"rendered":"Van an to\u00e0n 10bar"},"content":{"rendered":"<p>Van an to\u00e0n 10bar d\u00f9ng trong h\u1ec7 th\u1ed1ng n\u01b0\u1edbc n\u00f3ng ch\u1ecbu \u00e1p ho\u1eb7c l\u00f2 h\u01a1i<\/p>\n","protected":false},"excerpt":{"rendered":"<p>Van an to\u00e0n 10bar d\u00f9ng trong h\u1ec7 th\u1ed1ng n\u01b0\u1edbc n\u00f3ng ch\u1ecbu \u00e1p ho\u1eb7c l\u00f2 h\u01a1i<\/p>\n","protected":false},"featured_media":437,"template":"","meta":[],"product_brand":[],"product_cat":[130],"product_tag":[141],"class_list":{"0":"post-445","1":"product","2":"type-product","3":"status-publish","4":"has-post-thumbnail","6":"product_cat-phu-kien","7":"product_tag-van-an-toan","9":"first","10":"instock","11":"sale","12":"shipping-taxable","13":"purchasable","14":"product-type-simple"},"_links":{"self":[{"href":"https:\/\/vietsolar.com.vn\/site\/wp-json\/wp\/v2\/product\/445","targetHints":{"allow":["GET"]}}],"collection":[{"href":"https:\/\/vietsolar.com.vn\/site\/wp-json\/wp\/v2\/product"}],"about":[{"href":"https:\/\/vietsolar.com.vn\/site\/wp-json\/wp\/v2\/types\/product"}],"wp:featuredmedia":[{"embeddable":true,"href":"https:\/\/vietsolar.com.vn\/site\/wp-json\/wp\/v2\/media\/437"}],"wp:attachment":[{"href":"https:\/\/vietsolar.com.vn\/site\/wp-json\/wp\/v2\/media?parent=445"}],"wp:term":[{"taxonomy":"product_brand","embeddable":true,"href":"https:\/\/vietsolar.com.vn\/site\/wp-json\/wp\/v2\/product_brand?post=445"},{"taxonomy":"product_cat","embeddable":true,"href":"https:\/\/vietsolar.com.vn\/site\/wp-json\/wp\/v2\/product_cat?post=445"},{"taxonomy":"product_tag","embeddable":true,"href":"https:\/\/vietsolar.com.vn\/site\/wp-json\/wp\/v2\/product_tag?post=445"}],"curies":[{"name":"wp","href":"https:\/\/api.w.org\/{rel}","templated":true}]}}