{"id":416,"date":"2024-04-30T21:24:09","date_gmt":"2024-04-30T14:24:09","guid":{"rendered":"https:\/\/vietsolar.com.vn\/site\/?post_type=product&#038;p=416"},"modified":"2024-09-05T14:43:22","modified_gmt":"2024-09-05T07:43:22","slug":"may-nuoc-nong-suntask-inox-140-lit","status":"publish","type":"product","link":"https:\/\/vietsolar.com.vn\/site\/may-nuoc-nong-suntask-inox-140-lit\/","title":{"rendered":"M\u00e1y n\u01b0\u1edbc n\u00f3ng SUNTASK INOX 140 L\u00edt"},"content":{"rendered":"<p><strong>L\u01afU \u00dd:<\/strong><\/p>\n<ul>\n<li>Gi\u00e1 m\u00e1y ch\u01b0a bao g\u1ed3m v\u1eadn chuy\u1ec3n &amp; l\u1eafp \u0111\u1eb7t. Vui l\u00f2ng li\u00ean h\u1ec7 \u0111\u1ec3 b\u00e1o gi\u00e1 l\u1eafp \u0111\u1eb7t t\u1ea1i c\u00f4ng tr\u00ecnh.<\/li>\n<\/ul>\n","protected":false},"excerpt":{"rendered":"<p>M\u00e1y n\u01b0\u1edbc n\u00f3ng SUNTASK INOX 140 L\u00edt d\u00f9ng cho gia \u0111\u00ecnh 2-3 ng\u01b0\u1eddi, b\u1eb1ng inox s\u00e1ng b\u00f3ng, thi\u1ebft k\u1ebf ch\u1eafc ch\u1eafn, \u0111\u1ed9 b\u1ec1n cao. Ty n\u01b0\u1edbc ra v\u00e0o h\u00e0n d\u00ednh v\u00e0o l\u00f5i b\u1ed3n &#8211; kh\u00f4ng lo r\u00f2 r\u1ec9 n\u01b0\u1edbc.<\/p>\n","protected":false},"featured_media":417,"template":"","meta":[],"product_brand":[],"product_cat":[125],"product_tag":[144],"class_list":{"0":"post-416","1":"product","2":"type-product","3":"status-publish","4":"has-post-thumbnail","6":"product_cat-may-nuoc-nong-nang-luong-mat-troi-ong-chan-khong","7":"product_tag-suntask","9":"first","10":"outofstock","11":"sale","12":"shipping-taxable","13":"purchasable","14":"product-type-simple"},"_links":{"self":[{"href":"https:\/\/vietsolar.com.vn\/site\/wp-json\/wp\/v2\/product\/416","targetHints":{"allow":["GET"]}}],"collection":[{"href":"https:\/\/vietsolar.com.vn\/site\/wp-json\/wp\/v2\/product"}],"about":[{"href":"https:\/\/vietsolar.com.vn\/site\/wp-json\/wp\/v2\/types\/product"}],"wp:featuredmedia":[{"embeddable":true,"href":"https:\/\/vietsolar.com.vn\/site\/wp-json\/wp\/v2\/media\/417"}],"wp:attachment":[{"href":"https:\/\/vietsolar.com.vn\/site\/wp-json\/wp\/v2\/media?parent=416"}],"wp:term":[{"taxonomy":"product_brand","embeddable":true,"href":"https:\/\/vietsolar.com.vn\/site\/wp-json\/wp\/v2\/product_brand?post=416"},{"taxonomy":"product_cat","embeddable":true,"href":"https:\/\/vietsolar.com.vn\/site\/wp-json\/wp\/v2\/product_cat?post=416"},{"taxonomy":"product_tag","embeddable":true,"href":"https:\/\/vietsolar.com.vn\/site\/wp-json\/wp\/v2\/product_tag?post=416"}],"curies":[{"name":"wp","href":"https:\/\/api.w.org\/{rel}","templated":true}]}}